{"id":5061,"date":"2023-10-07T06:57:33","date_gmt":"2023-10-07T06:57:33","guid":{"rendered":"https:\/\/monacoquantumelementsassociation.mc\/?page_id=5061"},"modified":"2024-02-23T05:32:54","modified_gmt":"2024-02-23T05:32:54","slug":"gracias","status":"publish","type":"page","link":"https:\/\/monacoquantumelementsassociation.mc\/es\/gracias\/","title":{"rendered":"Gracias"},"content":{"rendered":"\t\t<div data-elementor-type=\"wp-page\" data-elementor-id=\"5061\" class=\"elementor elementor-5061 elementor-602\" data-elementor-post-type=\"page\">\n\t\t\t\t<div class=\"elementor-element elementor-element-fbb5b38 e-con-full e-flex e-con e-parent\" data-id=\"fbb5b38\" data-element_type=\"container\" data-e-type=\"container\" data-settings=\"{&quot;background_background&quot;:&quot;classic&quot;}\">\n\t\t<div class=\"elementor-element elementor-element-0103a97 e-flex e-con-boxed e-con e-child\" data-id=\"0103a97\" data-element_type=\"container\" data-e-type=\"container\">\n\t\t\t\t\t<div class=\"e-con-inner\">\n\t\t\t\t<div class=\"elementor-element elementor-element-efe0dec elementor-widget elementor-widget-heading\" data-id=\"efe0dec\" data-element_type=\"widget\" data-e-type=\"widget\" data-widget_type=\"heading.default\">\n\t\t\t\t<div class=\"elementor-widget-container\">\n\t\t\t\t\t<h1 class=\"elementor-heading-title elementor-size-default\">Gracias<\/h1>\t\t\t\t<\/div>\n\t\t\t\t<\/div>\n\t\t\t\t<div class=\"elementor-element elementor-element-21a752d elementor-widget__width-initial elementor-widget elementor-widget-heading\" data-id=\"21a752d\" data-element_type=\"widget\" data-e-type=\"widget\" data-widget_type=\"heading.default\">\n\t\t\t\t<div class=\"elementor-widget-container\">\n\t\t\t\t\t<h2 class=\"elementor-heading-title elementor-size-default\">Gracias por ponerse en contacto con nosotros, \n<\/h2>\t\t\t\t<\/div>\n\t\t\t\t<\/div>\n\t\t\t\t\t<\/div>\n\t\t\t\t<\/div>\n\t\t\t\t<\/div>\n\t\t<div class=\"elementor-element elementor-element-31efa20 container_sec e-flex e-con-boxed e-con e-parent\" data-id=\"31efa20\" data-element_type=\"container\" data-e-type=\"container\" data-settings=\"{&quot;background_background&quot;:&quot;classic&quot;}\">\n\t\t\t\t\t<div class=\"e-con-inner\">\n\t\t<div class=\"elementor-element elementor-element-6dd8875 e-con-full e-flex e-con e-child\" data-id=\"6dd8875\" data-element_type=\"container\" data-e-type=\"container\">\n\t\t<div class=\"elementor-element elementor-element-9ce00ff e-con-full e-flex e-con e-child\" data-id=\"9ce00ff\" data-element_type=\"container\" data-e-type=\"container\">\n\t\t\t\t<div class=\"elementor-element elementor-element-eb49334 elementor-widget elementor-widget-image\" data-id=\"eb49334\" data-element_type=\"widget\" data-e-type=\"widget\" data-widget_type=\"image.default\">\n\t\t\t\t<div class=\"elementor-widget-container\">\n\t\t\t\t\t\t\t\t\t\t\t\t\t\t\t<img fetchpriority=\"high\" decoding=\"async\" width=\"576\" height=\"581\" src=\"https:\/\/monacoquantumelementsassociation.mc\/wp-content\/uploads\/2023\/10\/thank_img_2.png\" class=\"attachment-full size-full wp-image-4672\" alt=\"\" srcset=\"https:\/\/monacoquantumelementsassociation.mc\/wp-content\/uploads\/2023\/10\/thank_img_2.png 576w, https:\/\/monacoquantumelementsassociation.mc\/wp-content\/uploads\/2023\/10\/thank_img_2-297x300.png 297w, https:\/\/monacoquantumelementsassociation.mc\/wp-content\/uploads\/2023\/10\/thank_img_2-150x150.png 150w\" sizes=\"(max-width: 576px) 100vw, 576px\" \/>\t\t\t\t\t\t\t\t\t\t\t\t\t\t\t<\/div>\n\t\t\t\t<\/div>\n\t\t\t\t<\/div>\n\t\t<div class=\"elementor-element elementor-element-e52e517 e-flex e-con-boxed e-con e-child\" data-id=\"e52e517\" data-element_type=\"container\" data-e-type=\"container\">\n\t\t\t\t\t<div class=\"e-con-inner\">\n\t\t\t\t<div class=\"elementor-element elementor-element-e1f208b elementor-widget__width-initial elementor-widget elementor-widget-heading\" data-id=\"e1f208b\" data-element_type=\"widget\" data-e-type=\"widget\" data-widget_type=\"heading.default\">\n\t\t\t\t<div class=\"elementor-widget-container\">\n\t\t\t\t\t<h4 class=\"elementor-heading-title elementor-size-default\">Nos pondremos en contacto con usted en los pr\u00f3ximos dos d\u00edas laborables. <\/h4>\t\t\t\t<\/div>\n\t\t\t\t<\/div>\n\t\t\t\t<div class=\"elementor-element elementor-element-b10a13f elementor-widget__width-initial elementor-widget elementor-widget-text-editor\" data-id=\"b10a13f\" data-element_type=\"widget\" data-e-type=\"widget\" data-widget_type=\"text-editor.default\">\n\t\t\t\t<div class=\"elementor-widget-container\">\n\t\t\t\t\t\t\t\t\t<p><span style=\"font-weight: 400;\">Estaremos encantados de saber m\u00e1s sobre usted, su propuesta y su posible contribuci\u00f3n a nuestra causa.<\/span><\/p>\t\t\t\t\t\t\t\t<\/div>\n\t\t\t\t<\/div>\n\t\t\t\t\t<\/div>\n\t\t\t\t<\/div>\n\t\t\t\t<\/div>\n\t\t\t\t\t<\/div>\n\t\t\t\t<\/div>\n\t\t\t\t<\/div>\n\t\t","protected":false},"excerpt":{"rendered":"<p>Gracias Gracias por ponerse en contacto con nosotros, Nos pondremos en contacto con usted en los pr\u00f3ximos dos d\u00edas laborables. Estaremos encantados de saber m\u00e1s sobre usted, su propuesta y su posible contribuci\u00f3n a nuestra causa.<\/p>\n","protected":false},"author":1,"featured_media":0,"parent":0,"menu_order":0,"comment_status":"closed","ping_status":"closed","template":"","meta":{"footnotes":""},"class_list":["post-5061","page","type-page","status-publish","hentry"],"_links":{"self":[{"href":"https:\/\/monacoquantumelementsassociation.mc\/es\/wp-json\/wp\/v2\/pages\/5061","targetHints":{"allow":["GET"]}}],"collection":[{"href":"https:\/\/monacoquantumelementsassociation.mc\/es\/wp-json\/wp\/v2\/pages"}],"about":[{"href":"https:\/\/monacoquantumelementsassociation.mc\/es\/wp-json\/wp\/v2\/types\/page"}],"author":[{"embeddable":true,"href":"https:\/\/monacoquantumelementsassociation.mc\/es\/wp-json\/wp\/v2\/users\/1"}],"replies":[{"embeddable":true,"href":"https:\/\/monacoquantumelementsassociation.mc\/es\/wp-json\/wp\/v2\/comments?post=5061"}],"version-history":[{"count":0,"href":"https:\/\/monacoquantumelementsassociation.mc\/es\/wp-json\/wp\/v2\/pages\/5061\/revisions"}],"wp:attachment":[{"href":"https:\/\/monacoquantumelementsassociation.mc\/es\/wp-json\/wp\/v2\/media?parent=5061"}],"curies":[{"name":"wp","href":"https:\/\/api.w.org\/{rel}","templated":true}]}}